{"id":12,"date":"2020-04-29T18:58:53","date_gmt":"2020-04-29T18:58:53","guid":{"rendered":"https:\/\/emprenderti.com\/?page_id=12"},"modified":"2021-10-23T19:54:20","modified_gmt":"2021-10-23T19:54:20","slug":"inicio","status":"publish","type":"page","link":"https:\/\/emprenderti.com\/","title":{"rendered":"Inicio"},"content":{"rendered":"<p>[et_pb_section fb_built=&#8221;1&#8243; _builder_version=&#8221;4.4.4&#8243; global_colors_info=&#8221;{}&#8221;][et_pb_row _builder_version=&#8221;4.11.4&#8243; _module_preset=&#8221;default&#8221; hover_enabled=&#8221;0&#8243; global_colors_info=&#8221;{}&#8221; sticky_enabled=&#8221;0&#8243;][et_pb_column type=&#8221;4_4&#8243; _builder_version=&#8221;4.5.6&#8243; _module_preset=&#8221;default&#8221; global_colors_info=&#8221;{}&#8221;][et_pb_text _builder_version=&#8221;4.5.6&#8243; _module_preset=&#8221;default&#8221; header_font=&#8221;|||||on|||&#8221; header_text_align=&#8221;center&#8221; header_font_size=&#8221;46px&#8221; header_letter_spacing=&#8221;5px&#8221; custom_margin=&#8221;-49px||||false|false&#8221; header_text_shadow_style=&#8221;preset2&#8243; global_colors_info=&#8221;{}&#8221; custom_padding=&#8221;60px|||||&#8221;]<\/p>\n<h1>Quienes Somos<\/h1>\n<p>[\/et_pb_text][\/et_pb_column][\/et_pb_row][et_pb_row _builder_version=&#8221;4.11.4&#8243; _module_preset=&#8221;default&#8221;][et_pb_column _builder_version=&#8221;4.11.4&#8243; _module_preset=&#8221;default&#8221; type=&#8221;4_4&#8243;][et_pb_image src=&#8221;https:\/\/emprenderti.com\/wp-content\/uploads\/2020\/08\/log_propuesta_2.png&#8221; _builder_version=&#8221;4.11.4&#8243; _module_preset=&#8221;default&#8221; title_text=&#8221;log_propuesta_2&#8243; hover_enabled=&#8221;0&#8243; sticky_enabled=&#8221;0&#8243;][\/et_pb_image][\/et_pb_column][\/et_pb_row][et_pb_row _builder_version=&#8221;4.11.4&#8243; _module_preset=&#8221;default&#8221;][et_pb_column _builder_version=&#8221;4.11.4&#8243; _module_preset=&#8221;default&#8221; type=&#8221;4_4&#8243;][\/et_pb_column][\/et_pb_row][et_pb_row _builder_version=&#8221;4.11.4&#8243; _module_preset=&#8221;default&#8221; custom_margin=&#8221;-47px|auto||auto||&#8221; hover_enabled=&#8221;0&#8243; global_colors_info=&#8221;{}&#8221; sticky_enabled=&#8221;0&#8243;][et_pb_column type=&#8221;4_4&#8243; _builder_version=&#8221;4.5.6&#8243; _module_preset=&#8221;default&#8221; global_colors_info=&#8221;{}&#8221;][et_pb_text _builder_version=&#8221;4.6.6&#8243; _module_preset=&#8221;default&#8221; text_font=&#8221;|||||on|||&#8221; text_font_size=&#8221;20px&#8221; global_colors_info=&#8221;{}&#8221;]<\/p>\n<p><strong>EmprenderTI<\/strong>\u00a0desde el\u00a0 a\u00f1o 2016 se conform\u00f3 un\u00a0 equipo de trabajo con el prop\u00f3sito de ofrecer servicios digitales que les permitan a las personas o empresas su inclusi\u00f3n en mundo del internet.<\/p>\n<p>Nos enfocadmos en crear estrategias dise\u00f1adas a la medida de sus necesidades que optimicen sus recursos.<\/p>\n<p>En la actualidad aquella persona o negocio que no tenga un usuario digital desarrollado pierde grandes oportunidades de ofrecer sus productos y servicios.<\/p>\n<p>Internet como herramienta nos ofrece una variada y amplia oferta de oportunidades y posibilidades. Es por ello que es muy importante establecer un objetivo de hacia donde queremos llegar y c\u00f3mo es que lo queremos hacer.<\/p>\n<p>Para ello es muy importante tener muy claro; quienes somos y lo que ofertamos porque de esto depende las herramientas tecnol\u00f3gicas, medi\u00e1ticas de socializaci\u00f3n, de dise\u00f1o de imagen, etc., que utilizaremos para llegar al mercado.<\/p>\n<p>Las barreras geogr\u00e1ficas, culturarles, lingu\u00edsticas entre otras existentes; se han visto derribadas a partir del uso de internet como medio de publicidad y promoci\u00f3n de las empresas a cualquier nivel. Es aqu\u00ed en donde peque\u00f1os negocios se han visto beneficiados para llegar a lugares que de forma f\u00edsica se tornaba imposible.<\/p>\n<p>Ponemos a su disposci\u00f3n nuestros conocimientos y experiencia para el desarrollo de su proyecto.<\/p>\n<p>&nbsp;<\/p>\n<p>[\/et_pb_text][\/et_pb_column][\/et_pb_row][et_pb_row column_structure=&#8221;1_2,1_2&#8243; _builder_version=&#8221;4.5.6&#8243; _module_preset=&#8221;default&#8221; global_colors_info=&#8221;{}&#8221;][et_pb_column type=&#8221;1_2&#8243; _builder_version=&#8221;4.5.6&#8243; _module_preset=&#8221;default&#8221; global_colors_info=&#8221;{}&#8221;][et_pb_image src=&#8221;https:\/\/emprenderti.com\/wp-content\/uploads\/2020\/09\/analisis-de-estrategias.png&#8221; alt=&#8221;An\u00e1lisis de necesidades para generar estrategias &#8221; title_text=&#8221;Imagen de ijmaki en Pixabay &#8221; _builder_version=&#8221;4.5.6&#8243; _module_preset=&#8221;default&#8221; global_colors_info=&#8221;{}&#8221;][\/et_pb_image][\/et_pb_column][et_pb_column type=&#8221;1_2&#8243; _builder_version=&#8221;4.5.6&#8243; _module_preset=&#8221;default&#8221; global_colors_info=&#8221;{}&#8221;][et_pb_text _builder_version=&#8221;4.5.6&#8243; _module_preset=&#8221;default&#8221; text_font=&#8221;|||on|||||&#8221; global_colors_info=&#8221;{}&#8221;]<\/p>\n<h1>Misi\u00f3n<\/h1>\n<p>&nbsp;<\/p>\n<p><em><strong>Analizar \u00a0las necesidades, los recursos y \u00a0la situaci\u00f3n de personas o negocios de cualquier tipo y tama\u00f1o, encaminado a generar propuestas escalables, funcionales, creativas, administrables y adaptadas a su presupuesto; que faciliten su integraci\u00f3n a la web, mediante el uso de \u00a0las tecnolog\u00edas de la informaci\u00f3n como una herramienta de promoci\u00f3n local, nacional e internacional de su negocio, productos o servicios.<\/strong><\/em><\/p>\n<p>[\/et_pb_text][\/et_pb_column][\/et_pb_row][et_pb_row column_structure=&#8221;1_2,1_2&#8243; _builder_version=&#8221;4.5.6&#8243; _module_preset=&#8221;default&#8221; global_colors_info=&#8221;{}&#8221;][et_pb_column type=&#8221;1_2&#8243; _builder_version=&#8221;4.5.6&#8243; _module_preset=&#8221;default&#8221; global_colors_info=&#8221;{}&#8221;][et_pb_text _builder_version=&#8221;4.5.6&#8243; _module_preset=&#8221;default&#8221; text_font=&#8221;|||on|||||&#8221; min_height=&#8221;300px&#8221; global_colors_info=&#8221;{}&#8221;]<\/p>\n<h1>Visi\u00f3n<\/h1>\n<p>&nbsp;<\/p>\n<p><em><strong>En el corto, mediano y largo plazo establecernos como una consultor\u00eda para\u00a0el desarrollo de proyectos administrativos y tecnol\u00f3gicos a la medida de sus necesidades tanto funcionales como presupuestales en base al an\u00e1lisis de las necesidades de las personas y negocios. Haciendo uso de las tecnolog\u00edas de la informaci\u00f3n con las herramientas administrativas y tecnol\u00f3gicas de actualidad que promuevan el uso de la web como un medio de promoci\u00f3n de las personas y los negocios, sus\u00a0productos y \u00a0servicios para la satisfacci\u00f3n de la demanda de los mercados locales, nacionales \u00a0e internacionales..<\/strong><\/em><\/p>\n<p>[\/et_pb_text][\/et_pb_column][et_pb_column type=&#8221;1_2&#8243; _builder_version=&#8221;4.5.6&#8243; _module_preset=&#8221;default&#8221; global_colors_info=&#8221;{}&#8221;][et_pb_image src=&#8221;https:\/\/emprenderti.com\/wp-content\/uploads\/2020\/09\/business-3639450_1920.jpg&#8221; alt=&#8221;Visi\u00f3n EmprenderTI&#8221; title_text=&#8221;Imagen de Gerd Altmann en Pixabay &#8221; _builder_version=&#8221;4.11.4&#8243; _module_preset=&#8221;default&#8221; min_height=&#8221;266px&#8221; hover_enabled=&#8221;0&#8243; global_colors_info=&#8221;{}&#8221; sticky_enabled=&#8221;0&#8243;][\/et_pb_image][\/et_pb_column][\/et_pb_row][\/et_pb_section][et_pb_section fb_built=&#8221;1&#8243; custom_padding_last_edited=&#8221;on|phone&#8221; prev_background_color=&#8221;#ffffff&#8221; admin_label=&#8221;Contact&#8221; _builder_version=&#8221;4.5.6&#8243; use_background_color_gradient=&#8221;on&#8221; background_color_gradient_start=&#8221;#070511&#8243; background_color_gradient_end=&#8221;#7d2eb2&#8243; background_image=&#8221;https:\/\/emprenderti.com\/wp-content\/uploads\/2020\/04\/crypto-bg-02.png&#8221; parallax=&#8221;on&#8221; custom_margin=&#8221;-99px|||||&#8221; custom_padding=&#8221;358px|0|120px||false|false&#8221; custom_padding_tablet=&#8221;200px|||&#8221; custom_padding_phone=&#8221;150px||100px|&#8221; top_divider_style=&#8221;arrow2&#8243; top_divider_height=&#8221;350px&#8221; top_divider_height_tablet=&#8221;200px&#8221; top_divider_height_phone=&#8221;150px&#8221; top_divider_height_last_edited=&#8221;on|phone&#8221; global_colors_info=&#8221;{}&#8221;][et_pb_row _builder_version=&#8221;3.25&#8243; global_colors_info=&#8221;{}&#8221;][et_pb_column type=&#8221;4_4&#8243; _builder_version=&#8221;3.25&#8243; custom_padding=&#8221;|||&#8221; global_colors_info=&#8221;{}&#8221; custom_padding__hover=&#8221;|||&#8221;][et_pb_text _builder_version=&#8221;4.4.4&#8243; text_font=&#8221;||||||||&#8221; header_font=&#8221;||||||||&#8221; header_2_font=&#8221;Titillium Web|600|||||||&#8221; header_2_font_size=&#8221;36px&#8221; header_2_letter_spacing=&#8221;2px&#8221; header_2_line_height=&#8221;1.3em&#8221; text_orientation=&#8221;center&#8221; background_layout=&#8221;dark&#8221; header_2_font_size_tablet=&#8221;&#8221; header_2_font_size_phone=&#8221;28px&#8221; header_2_font_size_last_edited=&#8221;on|phone&#8221; global_colors_info=&#8221;{}&#8221;]<\/p>\n<h2>Estamos para ayudarte, env\u00edanos tus datos para ponernos en contacto .<\/h2>\n<p>[\/et_pb_text][et_pb_divider color=&#8221;#4328B7&#8243; divider_weight=&#8221;4px&#8221; _builder_version=&#8221;3.2&#8243; max_width=&#8221;80px&#8221; module_alignment=&#8221;center&#8221; height=&#8221;4px&#8221; global_colors_info=&#8221;{}&#8221;][\/et_pb_divider][et_pb_text _builder_version=&#8221;4.4.4&#8243; text_font=&#8221;||||||||&#8221; text_font_size=&#8221;18px&#8221; text_line_height=&#8221;2em&#8221; header_font=&#8221;||||||||&#8221; text_orientation=&#8221;center&#8221; background_layout=&#8221;dark&#8221; max_width=&#8221;700px&#8221; module_alignment=&#8221;center&#8221; global_colors_info=&#8221;{}&#8221;]<\/p>\n<p>Con todo gusto haznos saber tus necesidades.<\/p>\n<p>[\/et_pb_text][\/et_pb_column][\/et_pb_row][et_pb_row _builder_version=&#8221;3.25&#8243; custom_margin=&#8221;40px|||&#8221; custom_padding=&#8221;0||0||false|false&#8221; animation_style=&#8221;fade&#8221; animation_direction=&#8221;top&#8221; box_shadow_style=&#8221;preset1&#8243; box_shadow_blur=&#8221;60px&#8221; box_shadow_color=&#8221;rgba(60,60,200,0.4)&#8221; global_colors_info=&#8221;{}&#8221;][et_pb_column type=&#8221;4_4&#8243; _builder_version=&#8221;3.25&#8243; custom_padding=&#8221;|||&#8221; global_colors_info=&#8221;{}&#8221; custom_padding__hover=&#8221;|||&#8221;][et_pb_contact_form email=&#8221;emprenderti@gmail.com&#8221; submit_button_text=&#8221;Enviar&#8221; module_id=&#8221;et_pb_contact_form_0&#8243; _builder_version=&#8221;4.11.4&#8243; form_field_background_color=&#8221;rgba(67,40,183,0.08)&#8221; form_field_text_color=&#8221;#42526b&#8221; title_font=&#8221;||||||||&#8221; form_field_font=&#8221;Titillium Web|600||on|||||&#8221; form_field_font_size=&#8221;12px&#8221; form_field_letter_spacing=&#8221;1px&#8221; background_color=&#8221;#ffffff&#8221; custom_button=&#8221;on&#8221; button_text_size=&#8221;13px&#8221; button_text_color=&#8221;#ffffff&#8221; button_bg_color=&#8221;#4328b7&#8243; button_border_width=&#8221;10px&#8221; button_border_color=&#8221;#4328b7&#8243; button_border_radius=&#8221;0px&#8221; button_letter_spacing=&#8221;2px&#8221; button_font=&#8221;Titillium Web|700||on|||||&#8221; custom_margin=&#8221;|||&#8221; custom_padding=&#8221;50px|50px|50px|50px&#8221; hover_enabled=&#8221;0&#8243; border_color_all=&#8221;#666EE8&#8243; box_shadow_style_button=&#8221;preset3&#8243; form_background_color=&#8221;rgba(67,40,183,0.08)&#8221; global_colors_info=&#8221;{}&#8221; sticky_enabled=&#8221;0&#8243;][et_pb_contact_field field_id=&#8221;Name&#8221; field_title=&#8221;Nombre Completo&#8221; _builder_version=&#8221;4.4.4&#8243; global_colors_info=&#8221;{}&#8221; button_text_size__hover_enabled=&#8221;off&#8221; button_one_text_size__hover_enabled=&#8221;off&#8221; button_two_text_size__hover_enabled=&#8221;off&#8221; button_text_color__hover_enabled=&#8221;off&#8221; button_one_text_color__hover_enabled=&#8221;off&#8221; button_two_text_color__hover_enabled=&#8221;off&#8221; button_border_width__hover_enabled=&#8221;off&#8221; button_one_border_width__hover_enabled=&#8221;off&#8221; button_two_border_width__hover_enabled=&#8221;off&#8221; button_border_color__hover_enabled=&#8221;off&#8221; button_one_border_color__hover_enabled=&#8221;off&#8221; button_two_border_color__hover_enabled=&#8221;off&#8221; button_border_radius__hover_enabled=&#8221;off&#8221; button_one_border_radius__hover_enabled=&#8221;off&#8221; button_two_border_radius__hover_enabled=&#8221;off&#8221; button_letter_spacing__hover_enabled=&#8221;off&#8221; button_one_letter_spacing__hover_enabled=&#8221;off&#8221; button_two_letter_spacing__hover_enabled=&#8221;off&#8221; button_bg_color__hover_enabled=&#8221;off&#8221; button_one_bg_color__hover_enabled=&#8221;off&#8221; button_two_bg_color__hover_enabled=&#8221;off&#8221;][\/et_pb_contact_field][et_pb_contact_field field_id=&#8221;Email&#8221; field_title=&#8221;Correo electr\u00f3nico&#8221; field_type=&#8221;email&#8221; _builder_version=&#8221;4.4.4&#8243; global_colors_info=&#8221;{}&#8221; button_text_size__hover_enabled=&#8221;off&#8221; button_one_text_size__hover_enabled=&#8221;off&#8221; button_two_text_size__hover_enabled=&#8221;off&#8221; button_text_color__hover_enabled=&#8221;off&#8221; button_one_text_color__hover_enabled=&#8221;off&#8221; button_two_text_color__hover_enabled=&#8221;off&#8221; button_border_width__hover_enabled=&#8221;off&#8221; button_one_border_width__hover_enabled=&#8221;off&#8221; button_two_border_width__hover_enabled=&#8221;off&#8221; button_border_color__hover_enabled=&#8221;off&#8221; button_one_border_color__hover_enabled=&#8221;off&#8221; button_two_border_color__hover_enabled=&#8221;off&#8221; button_border_radius__hover_enabled=&#8221;off&#8221; button_one_border_radius__hover_enabled=&#8221;off&#8221; button_two_border_radius__hover_enabled=&#8221;off&#8221; button_letter_spacing__hover_enabled=&#8221;off&#8221; button_one_letter_spacing__hover_enabled=&#8221;off&#8221; button_two_letter_spacing__hover_enabled=&#8221;off&#8221; button_bg_color__hover_enabled=&#8221;off&#8221; button_one_bg_color__hover_enabled=&#8221;off&#8221; button_two_bg_color__hover_enabled=&#8221;off&#8221;][\/et_pb_contact_field][et_pb_contact_field field_id=&#8221;Message&#8221; field_title=&#8221;Mensaje&#8221; field_type=&#8221;text&#8221; fullwidth_field=&#8221;on&#8221; _builder_version=&#8221;4.4.4&#8243; global_colors_info=&#8221;{}&#8221; button_text_size__hover_enabled=&#8221;off&#8221; button_one_text_size__hover_enabled=&#8221;off&#8221; button_two_text_size__hover_enabled=&#8221;off&#8221; button_text_color__hover_enabled=&#8221;off&#8221; button_one_text_color__hover_enabled=&#8221;off&#8221; button_two_text_color__hover_enabled=&#8221;off&#8221; button_border_width__hover_enabled=&#8221;off&#8221; button_one_border_width__hover_enabled=&#8221;off&#8221; button_two_border_width__hover_enabled=&#8221;off&#8221; button_border_color__hover_enabled=&#8221;off&#8221; button_one_border_color__hover_enabled=&#8221;off&#8221; button_two_border_color__hover_enabled=&#8221;off&#8221; button_border_radius__hover_enabled=&#8221;off&#8221; button_one_border_radius__hover_enabled=&#8221;off&#8221; button_two_border_radius__hover_enabled=&#8221;off&#8221; button_letter_spacing__hover_enabled=&#8221;off&#8221; button_one_letter_spacing__hover_enabled=&#8221;off&#8221; button_two_letter_spacing__hover_enabled=&#8221;off&#8221; button_bg_color__hover_enabled=&#8221;off&#8221; button_one_bg_color__hover_enabled=&#8221;off&#8221; button_two_bg_color__hover_enabled=&#8221;off&#8221;][\/et_pb_contact_field][\/et_pb_contact_form][\/et_pb_column][\/et_pb_row][\/et_pb_section]<\/p>\n","protected":false},"excerpt":{"rendered":"<p>Quienes SomosEmprenderTI\u00a0desde el\u00a0 a\u00f1o 2016 se conform\u00f3 un\u00a0 equipo de trabajo con el prop\u00f3sito de ofrecer servicios digitales que les permitan a las personas o empresas su inclusi\u00f3n en mundo del internet. Nos enfocadmos en crear estrategias dise\u00f1adas a la medida de sus necesidades que optimicen sus recursos. En la actualidad aquella persona o negocio [&hellip;]<\/p>\n","protected":false},"author":1,"featured_media":0,"parent":0,"menu_order":0,"comment_status":"closed","ping_status":"closed","template":"","meta":{"_et_pb_use_builder":"on","_et_pb_old_content":"","_et_gb_content_width":"","footnotes":""},"class_list":["post-12","page","type-page","status-publish","hentry"],"_links":{"self":[{"href":"https:\/\/emprenderti.com\/index.php\/wp-json\/wp\/v2\/pages\/12"}],"collection":[{"href":"https:\/\/emprenderti.com\/index.php\/wp-json\/wp\/v2\/pages"}],"about":[{"href":"https:\/\/emprenderti.com\/index.php\/wp-json\/wp\/v2\/types\/page"}],"author":[{"embeddable":true,"href":"https:\/\/emprenderti.com\/index.php\/wp-json\/wp\/v2\/users\/1"}],"replies":[{"embeddable":true,"href":"https:\/\/emprenderti.com\/index.php\/wp-json\/wp\/v2\/comments?post=12"}],"version-history":[{"count":20,"href":"https:\/\/emprenderti.com\/index.php\/wp-json\/wp\/v2\/pages\/12\/revisions"}],"predecessor-version":[{"id":171,"href":"https:\/\/emprenderti.com\/index.php\/wp-json\/wp\/v2\/pages\/12\/revisions\/171"}],"wp:attachment":[{"href":"https:\/\/emprenderti.com\/index.php\/wp-json\/wp\/v2\/media?parent=12"}],"curies":[{"name":"wp","href":"https:\/\/api.w.org\/{rel}","templated":true}]}}